{"id":1246,"date":"2024-05-30T22:58:29","date_gmt":"2024-05-30T22:58:29","guid":{"rendered":"https:\/\/seaandsunapartments.com\/lokalne-preporuke\/"},"modified":"2024-06-05T18:43:37","modified_gmt":"2024-06-05T18:43:37","slug":"lokalne-preporuke","status":"publish","type":"page","link":"https:\/\/seaandsunapartments.com\/hr\/lokalne-preporuke\/","title":{"rendered":"Lokalne preporuke"},"content":{"rendered":"\t\t<div data-elementor-type=\"wp-page\" data-elementor-id=\"1246\" class=\"elementor elementor-1246\" data-elementor-post-type=\"page\">\n\t\t\t\t<div class=\"elementor-element elementor-element-375304f3 e-con-full e-flex e-con e-parent\" data-id=\"375304f3\" data-element_type=\"container\">\n\t\t<div class=\"elementor-element elementor-element-62afbbd5 e-con-full e-flex e-con e-child\" data-id=\"62afbbd5\" data-element_type=\"container\">\n\t\t\t\t<div class=\"elementor-element elementor-element-0b047c4 elementor-nav-menu__align-center elementor-widget-mobile__width-initial elementor-nav-menu--dropdown-tablet elementor-nav-menu__text-align-aside elementor-nav-menu--toggle elementor-nav-menu--burger elementor-widget elementor-widget-nav-menu\" data-id=\"0b047c4\" data-element_type=\"widget\" data-settings=\"{&quot;layout&quot;:&quot;horizontal&quot;,&quot;submenu_icon&quot;:{&quot;value&quot;:&quot;&lt;svg class=\\&quot;e-font-icon-svg e-fas-caret-down\\&quot; viewBox=\\&quot;0 0 320 512\\&quot; xmlns=\\&quot;http:\\\/\\\/www.w3.org\\\/2000\\\/svg\\&quot;&gt;&lt;path d=\\&quot;M31.3 192h257.3c17.8 0 26.7 21.5 14.1 34.1L174.1 354.8c-7.8 7.8-20.5 7.8-28.3 0L17.2 226.1C4.6 213.5 13.5 192 31.3 192z\\&quot;&gt;&lt;\\\/path&gt;&lt;\\\/svg&gt;&quot;,&quot;library&quot;:&quot;fa-solid&quot;},&quot;toggle&quot;:&quot;burger&quot;}\" data-widget_type=\"nav-menu.default\">\n\t\t\t\t<div class=\"elementor-widget-container\">\n\t\t\t\t\t\t\t\t<nav aria-label=\"Menu\" class=\"elementor-nav-menu--main elementor-nav-menu__container elementor-nav-menu--layout-horizontal e--pointer-underline e--animation-fade\">\n\t\t\t\t<ul id=\"menu-1-0b047c4\" class=\"elementor-nav-menu\"><li class=\"menu-item wpml-ls-slot-6 wpml-ls-item wpml-ls-item-hr wpml-ls-current-language wpml-ls-menu-item wpml-ls-first-item menu-item-type-wpml_ls_menu_item menu-item-object-wpml_ls_menu_item menu-item-wpml-ls-6-hr\"><a title=\"Switch to \" href=\"https:\/\/seaandsunapartments.com\/hr\/\" class=\"elementor-item\"><img decoding=\"async\"\n            class=\"wpml-ls-flag\"\n            src=\"https:\/\/seaandsunapartments.com\/wp-content\/plugins\/sitepress-multilingual-cms\/res\/flags\/hr.svg\"\n            alt=\"Hrvatski\"\n            \n            \n    \/><\/a><\/li>\n<li class=\"menu-item wpml-ls-slot-6 wpml-ls-item wpml-ls-item-en wpml-ls-menu-item wpml-ls-last-item menu-item-type-wpml_ls_menu_item menu-item-object-wpml_ls_menu_item menu-item-wpml-ls-6-en\"><a title=\"Switch to \" href=\"https:\/\/seaandsunapartments.com\/\" class=\"elementor-item\"><img decoding=\"async\"\n            class=\"wpml-ls-flag\"\n            src=\"https:\/\/seaandsunapartments.com\/wp-content\/plugins\/sitepress-multilingual-cms\/res\/flags\/en.svg\"\n            alt=\"Engleski\"\n            \n            \n    \/><\/a><\/li>\n<li class=\"menu-item menu-item-type-post_type menu-item-object-page menu-item-home menu-item-612\"><a href=\"https:\/\/seaandsunapartments.com\/elementor-529\/\" class=\"elementor-item\">Po\u010detna<\/a><\/li>\n<li class=\"menu-item menu-item-type-post_type menu-item-object-page menu-item-744\"><a href=\"https:\/\/seaandsunapartments.com\/elementor-736\/\" class=\"elementor-item\">Ku\u0107na pravila<\/a><\/li>\n<li class=\"menu-item menu-item-type-post_type menu-item-object-page menu-item-595\"><a href=\"https:\/\/seaandsunapartments.com\/elementor-556\/\" class=\"elementor-item\">Usluge<\/a><\/li>\n<li class=\"menu-item menu-item-type-post_type menu-item-object-page menu-item-596\"><a href=\"https:\/\/seaandsunapartments.com\/elementor-562\/\" class=\"elementor-item\">Lokalne preporuke<\/a><\/li>\n<li class=\"menu-item menu-item-type-custom menu-item-object-custom menu-item-has-children menu-item-747\"><a href=\"https:\/\/seaandsunapartments.com\/discover-hvar\/\" class=\"elementor-item\">Discover Hvar<\/a>\n<ul class=\"sub-menu elementor-nav-menu--dropdown\">\n\t<li class=\"menu-item menu-item-type-post_type menu-item-object-page menu-item-749\"><a href=\"https:\/\/seaandsunapartments.com\/cultural-landmarks\/\" class=\"elementor-sub-item\">Kulturne znamenitosti<\/a><\/li>\n\t<li class=\"menu-item menu-item-type-post_type menu-item-object-page menu-item-750\"><a href=\"https:\/\/seaandsunapartments.com\/attractions\/\" class=\"elementor-sub-item\">Atrakcije<\/a><\/li>\n\t<li class=\"menu-item menu-item-type-post_type menu-item-object-page menu-item-751\"><a href=\"https:\/\/seaandsunapartments.com\/beaches\/\" class=\"elementor-sub-item\">Pla\u017ee<\/a><\/li>\n<\/ul>\n<\/li>\n<\/ul>\t\t\t<\/nav>\n\t\t\t\t\t<div class=\"elementor-menu-toggle\" role=\"button\" tabindex=\"0\" aria-label=\"Menu Toggle\" aria-expanded=\"false\">\n\t\t\t<svg aria-hidden=\"true\" role=\"presentation\" class=\"elementor-menu-toggle__icon--open e-font-icon-svg e-eicon-menu-bar\" viewBox=\"0 0 1000 1000\" xmlns=\"http:\/\/www.w3.org\/2000\/svg\"><path d=\"M104 333H896C929 333 958 304 958 271S929 208 896 208H104C71 208 42 237 42 271S71 333 104 333ZM104 583H896C929 583 958 554 958 521S929 458 896 458H104C71 458 42 487 42 521S71 583 104 583ZM104 833H896C929 833 958 804 958 771S929 708 896 708H104C71 708 42 737 42 771S71 833 104 833Z\"><\/path><\/svg><svg aria-hidden=\"true\" role=\"presentation\" class=\"elementor-menu-toggle__icon--close e-font-icon-svg e-eicon-close\" viewBox=\"0 0 1000 1000\" xmlns=\"http:\/\/www.w3.org\/2000\/svg\"><path d=\"M742 167L500 408 258 167C246 154 233 150 217 150 196 150 179 158 167 167 154 179 150 196 150 212 150 229 154 242 171 254L408 500 167 742C138 771 138 800 167 829 196 858 225 858 254 829L496 587 738 829C750 842 767 846 783 846 800 846 817 842 829 829 842 817 846 804 846 783 846 767 842 750 829 737L588 500 833 258C863 229 863 200 833 171 804 137 775 137 742 167Z\"><\/path><\/svg>\t\t<\/div>\n\t\t\t\t\t<nav class=\"elementor-nav-menu--dropdown elementor-nav-menu__container\" aria-hidden=\"true\">\n\t\t\t\t<ul id=\"menu-2-0b047c4\" class=\"elementor-nav-menu\"><li class=\"menu-item wpml-ls-slot-6 wpml-ls-item wpml-ls-item-hr wpml-ls-current-language wpml-ls-menu-item wpml-ls-first-item menu-item-type-wpml_ls_menu_item menu-item-object-wpml_ls_menu_item menu-item-wpml-ls-6-hr\"><a title=\"Switch to \" href=\"https:\/\/seaandsunapartments.com\/hr\/\" class=\"elementor-item\" tabindex=\"-1\"><img decoding=\"async\"\n            class=\"wpml-ls-flag\"\n            src=\"https:\/\/seaandsunapartments.com\/wp-content\/plugins\/sitepress-multilingual-cms\/res\/flags\/hr.svg\"\n            alt=\"Hrvatski\"\n            \n            \n    \/><\/a><\/li>\n<li class=\"menu-item wpml-ls-slot-6 wpml-ls-item wpml-ls-item-en wpml-ls-menu-item wpml-ls-last-item menu-item-type-wpml_ls_menu_item menu-item-object-wpml_ls_menu_item menu-item-wpml-ls-6-en\"><a title=\"Switch to \" href=\"https:\/\/seaandsunapartments.com\/\" class=\"elementor-item\" tabindex=\"-1\"><img decoding=\"async\"\n            class=\"wpml-ls-flag\"\n            src=\"https:\/\/seaandsunapartments.com\/wp-content\/plugins\/sitepress-multilingual-cms\/res\/flags\/en.svg\"\n            alt=\"Engleski\"\n            \n            \n    \/><\/a><\/li>\n<li class=\"menu-item menu-item-type-post_type menu-item-object-page menu-item-home menu-item-612\"><a href=\"https:\/\/seaandsunapartments.com\/elementor-529\/\" class=\"elementor-item\" tabindex=\"-1\">Po\u010detna<\/a><\/li>\n<li class=\"menu-item menu-item-type-post_type menu-item-object-page menu-item-744\"><a href=\"https:\/\/seaandsunapartments.com\/elementor-736\/\" class=\"elementor-item\" tabindex=\"-1\">Ku\u0107na pravila<\/a><\/li>\n<li class=\"menu-item menu-item-type-post_type menu-item-object-page menu-item-595\"><a href=\"https:\/\/seaandsunapartments.com\/elementor-556\/\" class=\"elementor-item\" tabindex=\"-1\">Usluge<\/a><\/li>\n<li class=\"menu-item menu-item-type-post_type menu-item-object-page menu-item-596\"><a href=\"https:\/\/seaandsunapartments.com\/elementor-562\/\" class=\"elementor-item\" tabindex=\"-1\">Lokalne preporuke<\/a><\/li>\n<li class=\"menu-item menu-item-type-custom menu-item-object-custom menu-item-has-children menu-item-747\"><a href=\"https:\/\/seaandsunapartments.com\/discover-hvar\/\" class=\"elementor-item\" tabindex=\"-1\">Discover Hvar<\/a>\n<ul class=\"sub-menu elementor-nav-menu--dropdown\">\n\t<li class=\"menu-item menu-item-type-post_type menu-item-object-page menu-item-749\"><a href=\"https:\/\/seaandsunapartments.com\/cultural-landmarks\/\" class=\"elementor-sub-item\" tabindex=\"-1\">Kulturne znamenitosti<\/a><\/li>\n\t<li class=\"menu-item menu-item-type-post_type menu-item-object-page menu-item-750\"><a href=\"https:\/\/seaandsunapartments.com\/attractions\/\" class=\"elementor-sub-item\" tabindex=\"-1\">Atrakcije<\/a><\/li>\n\t<li class=\"menu-item menu-item-type-post_type menu-item-object-page menu-item-751\"><a href=\"https:\/\/seaandsunapartments.com\/beaches\/\" class=\"elementor-sub-item\" tabindex=\"-1\">Pla\u017ee<\/a><\/li>\n<\/ul>\n<\/li>\n<\/ul>\t\t\t<\/nav>\n\t\t\t\t\t\t<\/div>\n\t\t\t\t<\/div>\n\t\t\t\t<div class=\"elementor-element elementor-element-388d789a elementor-widget__width-initial elementor-widget-mobile__width-initial elementor-widget elementor-widget-heading\" data-id=\"388d789a\" data-element_type=\"widget\" data-widget_type=\"heading.default\">\n\t\t\t\t<div class=\"elementor-widget-container\">\n\t\t\t\t\t<h1 class=\"elementor-heading-title elementor-size-default\">LOKALNE <br><b>PREPORUKE<\/b><\/h1>\t\t\t\t<\/div>\n\t\t\t\t<\/div>\n\t\t\t\t<\/div>\n\t\t\t\t<\/div>\n\t\t<div class=\"elementor-element elementor-element-3090378 e-flex e-con-boxed e-con e-parent\" data-id=\"3090378\" data-element_type=\"container\" data-settings=\"{&quot;background_background&quot;:&quot;classic&quot;}\">\n\t\t\t\t\t<div class=\"e-con-inner\">\n\t\t\t\t<div class=\"elementor-element elementor-element-147c1fa elementor-widget elementor-widget-text-editor\" data-id=\"147c1fa\" data-element_type=\"widget\" data-widget_type=\"text-editor.default\">\n\t\t\t\t<div class=\"elementor-widget-container\">\n\t\t\t\t\t\t\t\t\t<p>RESTORANI<\/p>\n<p>PLAVA ALGA<\/p>\n<p>plodovi mora, mediteranska<\/p>\n<p>centar grada<\/p>\n<p>MEDITERANEO <\/p>\n<p>Dine &amp; Wine <\/p>\n<p>ro\u0161tilj, mediteran<\/p>\n<p>centar grada<\/p>\n<p>MUSTA\u010cO<\/p>\n<p> plodovi mora, mediteranska<\/p>\n<p>pla\u017ea Pokonji dol<\/p>\n<p>ALVI\u017d<\/p>\n<p> plodovi mora, pizza, mediteranska <\/p>\n<p>centar grada<\/p>\n<p>BLACK PEPPER <\/p>\n<p>doma\u0107a kuhinja, mediteranska, morska hrana centar grada<\/p>\n<p>MACONDO <\/p>\n<p>lokalna kuhinja, mediteranska, plodovi mora centar grada<\/p>\n<p>GARIFUL <\/p>\n<p>plodovi mora, mediteranska<\/p>\n<p> centar grada<\/p>\n<p>DALMATINO <\/p>\n<p>doma\u0107a kuhinja, mediteranska<\/p>\n<p>centar grada<\/p>\n<p>KONOBA MENEGO<\/p>\n<p> doma\u0107a tradicionalna hrana<\/p>\n<p>centar grada<\/p>\n<p>JUNIOR<\/p>\n<p> plodovi mora, mediteranska<\/p>\n<p>centar grada<\/p>\n<p>BAROVI<\/p>\n<p>HULA HULA BEACH BAR <\/p>\n<p>Pla\u017ea Majerovica<\/p>\n<p>CARPE DIEM PLA\u017dA <\/p>\n<p>Stipanska &#8211; Pakleni otoci<\/p>\n<p>KIVA BAR <\/p>\n<p>centar grada<\/p>\n<p>LOLA BAR<\/p>\n<p> centar grada<\/p>\n<p>NAUTIKA BAR <\/p>\n<p>centar grada<\/p>\n<p>VINTAGE BAR<\/p>\n<p> centar grada<\/p>\n\t\t\t\t\t\t\t\t<\/div>\n\t\t\t\t<\/div>\n\t\t\t\t\t<\/div>\n\t\t\t\t<\/div>\n\t\t<div class=\"elementor-element elementor-element-47466574 e-con-full e-flex e-con e-child\" data-id=\"47466574\" data-element_type=\"container\">\n\t\t<div class=\"elementor-element elementor-element-33a807d0 e-con-full e-flex elementor-invisible e-con e-child\" data-id=\"33a807d0\" data-element_type=\"container\" data-settings=\"{&quot;animation&quot;:&quot;fadeInUp&quot;}\">\n\t\t\t\t<div class=\"elementor-element elementor-element-6d507a03 elementor-widget elementor-widget-heading\" data-id=\"6d507a03\" data-element_type=\"widget\" data-widget_type=\"heading.default\">\n\t\t\t\t<div class=\"elementor-widget-container\">\n\t\t\t\t\t<h3 class=\"elementor-heading-title elementor-size-default\">Telefon<\/h3>\t\t\t\t<\/div>\n\t\t\t\t<\/div>\n\t\t\t\t<div class=\"elementor-element elementor-element-74f5d958 elementor-icon-list--layout-traditional elementor-list-item-link-full_width elementor-widget elementor-widget-icon-list\" data-id=\"74f5d958\" data-element_type=\"widget\" data-widget_type=\"icon-list.default\">\n\t\t\t\t<div class=\"elementor-widget-container\">\n\t\t\t\t\t\t\t<ul class=\"elementor-icon-list-items\">\n\t\t\t\t\t\t\t<li class=\"elementor-icon-list-item\">\n\t\t\t\t\t\t\t\t\t\t<span class=\"elementor-icon-list-text\">(+385) 958910626<\/span>\n\t\t\t\t\t\t\t\t\t<\/li>\n\t\t\t\t\t\t<\/ul>\n\t\t\t\t\t\t<\/div>\n\t\t\t\t<\/div>\n\t\t\t\t<\/div>\n\t\t<div class=\"elementor-element elementor-element-6a2ec9e5 e-con-full e-flex elementor-invisible e-con e-child\" data-id=\"6a2ec9e5\" data-element_type=\"container\" data-settings=\"{&quot;animation&quot;:&quot;fadeInUp&quot;,&quot;animation_delay&quot;:200}\">\n\t\t\t\t<div class=\"elementor-element elementor-element-294f8679 elementor-widget elementor-widget-heading\" data-id=\"294f8679\" data-element_type=\"widget\" data-widget_type=\"heading.default\">\n\t\t\t\t<div class=\"elementor-widget-container\">\n\t\t\t\t\t<h3 class=\"elementor-heading-title elementor-size-default\">Na\u0161a adresa<\/h3>\t\t\t\t<\/div>\n\t\t\t\t<\/div>\n\t\t\t\t<div class=\"elementor-element elementor-element-7491cf4b elementor-widget elementor-widget-text-editor\" data-id=\"7491cf4b\" data-element_type=\"widget\" data-widget_type=\"text-editor.default\">\n\t\t\t\t<div class=\"elementor-widget-container\">\n\t\t\t\t\t\t\t\t\t<p>Lucije Rudan 41<\/p>\n<p>Hvar, 21450<\/p>\n\t\t\t\t\t\t\t\t<\/div>\n\t\t\t\t<\/div>\n\t\t\t\t<\/div>\n\t\t\t\t<\/div>\n\t\t\t\t<\/div>\n\t\t","protected":false},"excerpt":{"rendered":"<p>LOKALNE PREPORUKE RESTORANI PLAVA ALGA plodovi mora, mediteranska centar grada MEDITERANEO Dine &amp; Wine ro\u0161tilj, mediteran centar grada MUSTA\u010cO plodovi mora, mediteranska pla\u017ea Pokonji dol ALVI\u017d plodovi mora, pizza, mediteranska centar grada BLACK PEPPER doma\u0107a kuhinja, mediteranska, morska hrana centar grada MACONDO lokalna kuhinja, mediteranska, plodovi mora centar grada GARIFUL plodovi mora, mediteranska centar grada [&hellip;]<\/p>\n","protected":false},"author":1,"featured_media":0,"parent":0,"menu_order":0,"comment_status":"closed","ping_status":"closed","template":"elementor_canvas","meta":{"iawp_total_views":15,"footnotes":""},"blocksy_meta":[],"_links":{"self":[{"href":"https:\/\/seaandsunapartments.com\/hr\/wp-json\/wp\/v2\/pages\/1246"}],"collection":[{"href":"https:\/\/seaandsunapartments.com\/hr\/wp-json\/wp\/v2\/pages"}],"about":[{"href":"https:\/\/seaandsunapartments.com\/hr\/wp-json\/wp\/v2\/types\/page"}],"author":[{"embeddable":true,"href":"https:\/\/seaandsunapartments.com\/hr\/wp-json\/wp\/v2\/users\/1"}],"replies":[{"embeddable":true,"href":"https:\/\/seaandsunapartments.com\/hr\/wp-json\/wp\/v2\/comments?post=1246"}],"version-history":[{"count":4,"href":"https:\/\/seaandsunapartments.com\/hr\/wp-json\/wp\/v2\/pages\/1246\/revisions"}],"predecessor-version":[{"id":1293,"href":"https:\/\/seaandsunapartments.com\/hr\/wp-json\/wp\/v2\/pages\/1246\/revisions\/1293"}],"wp:attachment":[{"href":"https:\/\/seaandsunapartments.com\/hr\/wp-json\/wp\/v2\/media?parent=1246"}],"curies":[{"name":"wp","href":"https:\/\/api.w.org\/{rel}","templated":true}]}}