{"id":1235,"date":"2024-05-31T14:48:33","date_gmt":"2024-05-31T14:48:33","guid":{"rendered":"https:\/\/seaandsunapartments.com\/kucna-pravila\/"},"modified":"2024-06-05T18:47:27","modified_gmt":"2024-06-05T18:47:27","slug":"kucna-pravila","status":"publish","type":"page","link":"https:\/\/seaandsunapartments.com\/hr\/kucna-pravila\/","title":{"rendered":"Ku\u0107na pravila"},"content":{"rendered":"\t\t<div data-elementor-type=\"wp-page\" data-elementor-id=\"1235\" class=\"elementor elementor-1235\" data-elementor-post-type=\"page\">\n\t\t\t\t<div class=\"elementor-element elementor-element-76da176b e-con-full e-flex e-con e-parent\" data-id=\"76da176b\" data-element_type=\"container\">\n\t\t<div class=\"elementor-element elementor-element-1b17f5cb e-flex e-con-boxed e-con e-child\" data-id=\"1b17f5cb\" data-element_type=\"container\" data-settings=\"{&quot;background_background&quot;:&quot;classic&quot;}\">\n\t\t\t\t\t<div class=\"e-con-inner\">\n\t\t\t\t<div class=\"elementor-element elementor-element-eb43b42 elementor-widget elementor-widget-text-editor\" data-id=\"eb43b42\" data-element_type=\"widget\" data-widget_type=\"text-editor.default\">\n\t\t\t\t<div class=\"elementor-widget-container\">\n\t\t\t\t\t\t\t\t\t<p>DRAGI GOSTI<\/p>\n<p>CHECK OUT je do 10:00<\/p>\n<p>Ako ostanete dulje, biti \u0107e Vam napla\u0107en i sljede\u0107i dan.<\/p>\n<p>Ako trebate spremiti svoju prtljagu nakon vremena odjave, mo\u017eete je ostaviti u ku\u0107i i preuzeti je kasnije.<\/p>\n<p>POSLIJE PONO\u0106I, MOLIM ZA TI\u0160INU.<\/p>\n<p>PO\u0160TUJTE MIR I RED<\/p>\n<p>If something breaks please contact us, as well, i<span style=\"font-family: -webkit-standard; font-size: medium; text-align: start;\">n case anything happens at any times<\/span><\/p>\n<h6><strong style=\"color: #192a3d; font-family: var(--theme-font-family); font-size: var(--theme-font-size); font-style: var(--theme-font-style, inherit); font-variant-caps: inherit; letter-spacing: var(--theme-letter-spacing); text-transform: var(--theme-text-transform); text-decoration: var(--theme-text-decoration);\">SLOBODNO MI SE JAVITE<\/strong><\/h6>\n<h6><strong>DENIS<\/strong><\/h6>\n<h6><span style=\"color: #000000;\"><a style=\"color: #000000;\" href=\"http:\/\/call\" data-wplink-url-error=\"true\"><strong>(+385) 958 910626<\/strong><\/a><\/span><\/h6>\n\t\t\t\t\t\t\t\t<\/div>\n\t\t\t\t<\/div>\n\t\t\t\t\t<\/div>\n\t\t\t\t<\/div>\n\t\t<div class=\"elementor-element elementor-element-3fb9c247 e-con-full e-flex e-con e-child\" data-id=\"3fb9c247\" data-element_type=\"container\">\n\t\t\t\t<div class=\"elementor-element elementor-element-302d6df elementor-widget-mobile__width-initial elementor-nav-menu--dropdown-tablet elementor-nav-menu__text-align-aside elementor-nav-menu--toggle elementor-nav-menu--burger elementor-widget elementor-widget-nav-menu\" data-id=\"302d6df\" data-element_type=\"widget\" data-settings=\"{&quot;submenu_icon&quot;:{&quot;value&quot;:&quot;&lt;svg class=\\&quot;fa-svg-chevron-down e-font-icon-svg e-fas-chevron-down\\&quot; viewBox=\\&quot;0 0 448 512\\&quot; xmlns=\\&quot;http:\\\/\\\/www.w3.org\\\/2000\\\/svg\\&quot;&gt;&lt;path d=\\&quot;M207.029 381.476L12.686 187.132c-9.373-9.373-9.373-24.569 0-33.941l22.667-22.667c9.357-9.357 24.522-9.375 33.901-.04L224 284.505l154.745-154.021c9.379-9.335 24.544-9.317 33.901.04l22.667 22.667c9.373 9.373 9.373 24.569 0 33.941L240.971 381.476c-9.373 9.372-24.569 9.372-33.942 0z\\&quot;&gt;&lt;\\\/path&gt;&lt;\\\/svg&gt;&quot;,&quot;library&quot;:&quot;fa-solid&quot;},&quot;layout&quot;:&quot;horizontal&quot;,&quot;toggle&quot;:&quot;burger&quot;}\" data-widget_type=\"nav-menu.default\">\n\t\t\t\t<div class=\"elementor-widget-container\">\n\t\t\t\t\t\t\t\t<nav aria-label=\"Menu\" class=\"elementor-nav-menu--main elementor-nav-menu__container elementor-nav-menu--layout-horizontal e--pointer-underline e--animation-fade\">\n\t\t\t\t<ul id=\"menu-1-302d6df\" class=\"elementor-nav-menu\"><li class=\"menu-item wpml-ls-slot-6 wpml-ls-item wpml-ls-item-hr wpml-ls-current-language wpml-ls-menu-item wpml-ls-first-item menu-item-type-wpml_ls_menu_item menu-item-object-wpml_ls_menu_item menu-item-wpml-ls-6-hr\"><a title=\"Switch to \" href=\"https:\/\/seaandsunapartments.com\/hr\/\" class=\"elementor-item\"><img decoding=\"async\"\n            class=\"wpml-ls-flag\"\n            src=\"https:\/\/seaandsunapartments.com\/wp-content\/plugins\/sitepress-multilingual-cms\/res\/flags\/hr.svg\"\n            alt=\"Hrvatski\"\n            \n            \n    \/><\/a><\/li>\n<li class=\"menu-item wpml-ls-slot-6 wpml-ls-item wpml-ls-item-en wpml-ls-menu-item wpml-ls-last-item menu-item-type-wpml_ls_menu_item menu-item-object-wpml_ls_menu_item menu-item-wpml-ls-6-en\"><a title=\"Switch to \" href=\"https:\/\/seaandsunapartments.com\/\" class=\"elementor-item\"><img decoding=\"async\"\n            class=\"wpml-ls-flag\"\n            src=\"https:\/\/seaandsunapartments.com\/wp-content\/plugins\/sitepress-multilingual-cms\/res\/flags\/en.svg\"\n            alt=\"Engleski\"\n            \n            \n    \/><\/a><\/li>\n<li class=\"menu-item menu-item-type-post_type menu-item-object-page menu-item-home menu-item-612\"><a href=\"https:\/\/seaandsunapartments.com\/elementor-529\/\" class=\"elementor-item\">Po\u010detna<\/a><\/li>\n<li class=\"menu-item menu-item-type-post_type menu-item-object-page menu-item-744\"><a href=\"https:\/\/seaandsunapartments.com\/elementor-736\/\" class=\"elementor-item\">Ku\u0107na pravila<\/a><\/li>\n<li class=\"menu-item menu-item-type-post_type menu-item-object-page menu-item-595\"><a href=\"https:\/\/seaandsunapartments.com\/elementor-556\/\" class=\"elementor-item\">Usluge<\/a><\/li>\n<li class=\"menu-item menu-item-type-post_type menu-item-object-page menu-item-596\"><a href=\"https:\/\/seaandsunapartments.com\/elementor-562\/\" class=\"elementor-item\">Lokalne preporuke<\/a><\/li>\n<li class=\"menu-item menu-item-type-custom menu-item-object-custom menu-item-has-children menu-item-747\"><a href=\"https:\/\/seaandsunapartments.com\/discover-hvar\/\" class=\"elementor-item\">Discover Hvar<\/a>\n<ul class=\"sub-menu elementor-nav-menu--dropdown\">\n\t<li class=\"menu-item menu-item-type-post_type menu-item-object-page menu-item-749\"><a href=\"https:\/\/seaandsunapartments.com\/cultural-landmarks\/\" class=\"elementor-sub-item\">Kulturne znamenitosti<\/a><\/li>\n\t<li class=\"menu-item menu-item-type-post_type menu-item-object-page menu-item-750\"><a href=\"https:\/\/seaandsunapartments.com\/attractions\/\" class=\"elementor-sub-item\">Atrakcije<\/a><\/li>\n\t<li class=\"menu-item menu-item-type-post_type menu-item-object-page menu-item-751\"><a href=\"https:\/\/seaandsunapartments.com\/beaches\/\" class=\"elementor-sub-item\">Pla\u017ee<\/a><\/li>\n<\/ul>\n<\/li>\n<\/ul>\t\t\t<\/nav>\n\t\t\t\t\t<div class=\"elementor-menu-toggle\" role=\"button\" tabindex=\"0\" aria-label=\"Menu Toggle\" aria-expanded=\"false\">\n\t\t\t<svg aria-hidden=\"true\" role=\"presentation\" class=\"elementor-menu-toggle__icon--open e-font-icon-svg e-eicon-menu-bar\" viewBox=\"0 0 1000 1000\" xmlns=\"http:\/\/www.w3.org\/2000\/svg\"><path d=\"M104 333H896C929 333 958 304 958 271S929 208 896 208H104C71 208 42 237 42 271S71 333 104 333ZM104 583H896C929 583 958 554 958 521S929 458 896 458H104C71 458 42 487 42 521S71 583 104 583ZM104 833H896C929 833 958 804 958 771S929 708 896 708H104C71 708 42 737 42 771S71 833 104 833Z\"><\/path><\/svg><svg aria-hidden=\"true\" role=\"presentation\" class=\"elementor-menu-toggle__icon--close e-font-icon-svg e-eicon-close\" viewBox=\"0 0 1000 1000\" xmlns=\"http:\/\/www.w3.org\/2000\/svg\"><path d=\"M742 167L500 408 258 167C246 154 233 150 217 150 196 150 179 158 167 167 154 179 150 196 150 212 150 229 154 242 171 254L408 500 167 742C138 771 138 800 167 829 196 858 225 858 254 829L496 587 738 829C750 842 767 846 783 846 800 846 817 842 829 829 842 817 846 804 846 783 846 767 842 750 829 737L588 500 833 258C863 229 863 200 833 171 804 137 775 137 742 167Z\"><\/path><\/svg>\t\t<\/div>\n\t\t\t\t\t<nav class=\"elementor-nav-menu--dropdown elementor-nav-menu__container\" aria-hidden=\"true\">\n\t\t\t\t<ul id=\"menu-2-302d6df\" class=\"elementor-nav-menu\"><li class=\"menu-item wpml-ls-slot-6 wpml-ls-item wpml-ls-item-hr wpml-ls-current-language wpml-ls-menu-item wpml-ls-first-item menu-item-type-wpml_ls_menu_item menu-item-object-wpml_ls_menu_item menu-item-wpml-ls-6-hr\"><a title=\"Switch to \" href=\"https:\/\/seaandsunapartments.com\/hr\/\" class=\"elementor-item\" tabindex=\"-1\"><img decoding=\"async\"\n            class=\"wpml-ls-flag\"\n            src=\"https:\/\/seaandsunapartments.com\/wp-content\/plugins\/sitepress-multilingual-cms\/res\/flags\/hr.svg\"\n            alt=\"Hrvatski\"\n            \n            \n    \/><\/a><\/li>\n<li class=\"menu-item wpml-ls-slot-6 wpml-ls-item wpml-ls-item-en wpml-ls-menu-item wpml-ls-last-item menu-item-type-wpml_ls_menu_item menu-item-object-wpml_ls_menu_item menu-item-wpml-ls-6-en\"><a title=\"Switch to \" href=\"https:\/\/seaandsunapartments.com\/\" class=\"elementor-item\" tabindex=\"-1\"><img decoding=\"async\"\n            class=\"wpml-ls-flag\"\n            src=\"https:\/\/seaandsunapartments.com\/wp-content\/plugins\/sitepress-multilingual-cms\/res\/flags\/en.svg\"\n            alt=\"Engleski\"\n            \n            \n    \/><\/a><\/li>\n<li class=\"menu-item menu-item-type-post_type menu-item-object-page menu-item-home menu-item-612\"><a href=\"https:\/\/seaandsunapartments.com\/elementor-529\/\" class=\"elementor-item\" tabindex=\"-1\">Po\u010detna<\/a><\/li>\n<li class=\"menu-item menu-item-type-post_type menu-item-object-page menu-item-744\"><a href=\"https:\/\/seaandsunapartments.com\/elementor-736\/\" class=\"elementor-item\" tabindex=\"-1\">Ku\u0107na pravila<\/a><\/li>\n<li class=\"menu-item menu-item-type-post_type menu-item-object-page menu-item-595\"><a href=\"https:\/\/seaandsunapartments.com\/elementor-556\/\" class=\"elementor-item\" tabindex=\"-1\">Usluge<\/a><\/li>\n<li class=\"menu-item menu-item-type-post_type menu-item-object-page menu-item-596\"><a href=\"https:\/\/seaandsunapartments.com\/elementor-562\/\" class=\"elementor-item\" tabindex=\"-1\">Lokalne preporuke<\/a><\/li>\n<li class=\"menu-item menu-item-type-custom menu-item-object-custom menu-item-has-children menu-item-747\"><a href=\"https:\/\/seaandsunapartments.com\/discover-hvar\/\" class=\"elementor-item\" tabindex=\"-1\">Discover Hvar<\/a>\n<ul class=\"sub-menu elementor-nav-menu--dropdown\">\n\t<li class=\"menu-item menu-item-type-post_type menu-item-object-page menu-item-749\"><a href=\"https:\/\/seaandsunapartments.com\/cultural-landmarks\/\" class=\"elementor-sub-item\" tabindex=\"-1\">Kulturne znamenitosti<\/a><\/li>\n\t<li class=\"menu-item menu-item-type-post_type menu-item-object-page menu-item-750\"><a href=\"https:\/\/seaandsunapartments.com\/attractions\/\" class=\"elementor-sub-item\" tabindex=\"-1\">Atrakcije<\/a><\/li>\n\t<li class=\"menu-item menu-item-type-post_type menu-item-object-page menu-item-751\"><a href=\"https:\/\/seaandsunapartments.com\/beaches\/\" class=\"elementor-sub-item\" tabindex=\"-1\">Pla\u017ee<\/a><\/li>\n<\/ul>\n<\/li>\n<\/ul>\t\t\t<\/nav>\n\t\t\t\t\t\t<\/div>\n\t\t\t\t<\/div>\n\t\t\t\t<div class=\"elementor-element elementor-element-542b3388 elementor-widget__width-initial elementor-widget elementor-widget-heading\" data-id=\"542b3388\" data-element_type=\"widget\" data-widget_type=\"heading.default\">\n\t\t\t\t<div class=\"elementor-widget-container\">\n\t\t\t\t\t<h1 class=\"elementor-heading-title elementor-size-default\">KU\u0106A <br><b>PRAVILA<\/b><\/h1>\t\t\t\t<\/div>\n\t\t\t\t<\/div>\n\t\t\t\t<\/div>\n\t\t\t\t<\/div>\n\t\t<div class=\"elementor-element elementor-element-b47af3f e-flex e-con-boxed e-con e-parent\" data-id=\"b47af3f\" data-element_type=\"container\">\n\t\t\t\t\t<div class=\"e-con-inner\">\n\t\t\t\t<div class=\"elementor-element elementor-element-656f54b elementor-widget elementor-widget-image\" data-id=\"656f54b\" data-element_type=\"widget\" data-widget_type=\"image.default\">\n\t\t\t\t<div class=\"elementor-widget-container\">\n\t\t\t\t\t\t\t\t\t\t\t\t\t\t\t<img fetchpriority=\"high\" decoding=\"async\" width=\"1024\" height=\"735\" src=\"https:\/\/seaandsunapartments.com\/wp-content\/uploads\/2024\/05\/Screenshot-2024-05-30-at-23.07.53-1-1024x735.png\" class=\"attachment-large size-large wp-image-738\" alt=\"\" srcset=\"https:\/\/seaandsunapartments.com\/wp-content\/uploads\/2024\/05\/Screenshot-2024-05-30-at-23.07.53-1-1024x735.png 1024w, https:\/\/seaandsunapartments.com\/wp-content\/uploads\/2024\/05\/Screenshot-2024-05-30-at-23.07.53-1-300x215.png 300w, https:\/\/seaandsunapartments.com\/wp-content\/uploads\/2024\/05\/Screenshot-2024-05-30-at-23.07.53-1-768x551.png 768w, https:\/\/seaandsunapartments.com\/wp-content\/uploads\/2024\/05\/Screenshot-2024-05-30-at-23.07.53-1-1536x1103.png 1536w, https:\/\/seaandsunapartments.com\/wp-content\/uploads\/2024\/05\/Screenshot-2024-05-30-at-23.07.53-1-2048x1470.png 2048w\" sizes=\"(max-width: 1024px) 100vw, 1024px\" \/>\t\t\t\t\t\t\t\t\t\t\t\t\t\t\t<\/div>\n\t\t\t\t<\/div>\n\t\t\t\t\t<\/div>\n\t\t\t\t<\/div>\n\t\t<div class=\"elementor-element elementor-element-636318a4 e-con-full e-flex e-con e-parent\" data-id=\"636318a4\" data-element_type=\"container\">\n\t\t<div class=\"elementor-element elementor-element-3c8dd5b2 e-con-full e-flex e-con e-child\" data-id=\"3c8dd5b2\" data-element_type=\"container\">\n\t\t<div class=\"elementor-element elementor-element-37b29896 e-con-full e-flex elementor-invisible e-con e-child\" data-id=\"37b29896\" data-element_type=\"container\" data-settings=\"{&quot;animation&quot;:&quot;fadeInUp&quot;}\">\n\t\t\t\t<div class=\"elementor-element elementor-element-9eacb15 elementor-widget elementor-widget-heading\" data-id=\"9eacb15\" data-element_type=\"widget\" data-widget_type=\"heading.default\">\n\t\t\t\t<div class=\"elementor-widget-container\">\n\t\t\t\t\t<h3 class=\"elementor-heading-title elementor-size-default\">Telefon<\/h3>\t\t\t\t<\/div>\n\t\t\t\t<\/div>\n\t\t\t\t<div class=\"elementor-element elementor-element-2ad78c2f elementor-icon-list--layout-traditional elementor-list-item-link-full_width elementor-widget elementor-widget-icon-list\" data-id=\"2ad78c2f\" data-element_type=\"widget\" data-widget_type=\"icon-list.default\">\n\t\t\t\t<div class=\"elementor-widget-container\">\n\t\t\t\t\t\t\t<ul class=\"elementor-icon-list-items\">\n\t\t\t\t\t\t\t<li class=\"elementor-icon-list-item\">\n\t\t\t\t\t\t\t\t\t\t<span class=\"elementor-icon-list-text\">(+385) 958910626<\/span>\n\t\t\t\t\t\t\t\t\t<\/li>\n\t\t\t\t\t\t<\/ul>\n\t\t\t\t\t\t<\/div>\n\t\t\t\t<\/div>\n\t\t\t\t<\/div>\n\t\t<div class=\"elementor-element elementor-element-13051446 e-con-full e-flex elementor-invisible e-con e-child\" data-id=\"13051446\" data-element_type=\"container\" data-settings=\"{&quot;animation&quot;:&quot;fadeInUp&quot;,&quot;animation_delay&quot;:200}\">\n\t\t\t\t<div class=\"elementor-element elementor-element-18670dad elementor-widget elementor-widget-heading\" data-id=\"18670dad\" data-element_type=\"widget\" data-widget_type=\"heading.default\">\n\t\t\t\t<div class=\"elementor-widget-container\">\n\t\t\t\t\t<h3 class=\"elementor-heading-title elementor-size-default\">Na\u0161a adresa<\/h3>\t\t\t\t<\/div>\n\t\t\t\t<\/div>\n\t\t\t\t<div class=\"elementor-element elementor-element-47086f0e elementor-widget elementor-widget-text-editor\" data-id=\"47086f0e\" data-element_type=\"widget\" data-widget_type=\"text-editor.default\">\n\t\t\t\t<div class=\"elementor-widget-container\">\n\t\t\t\t\t\t\t\t\t<p>Lucije Rudan 41<\/p>\n<p>Hvar, 21450<\/p>\n\t\t\t\t\t\t\t\t<\/div>\n\t\t\t\t<\/div>\n\t\t\t\t<\/div>\n\t\t\t\t<\/div>\n\t\t\t\t<\/div>\n\t\t\t\t<\/div>\n\t\t","protected":false},"excerpt":{"rendered":"<p>DRAGI GOSTI CHECK OUT je do 10:00 Ako ostanete dulje, biti \u0107e Vam napla\u0107en i sljede\u0107i dan. Ako trebate spremiti svoju prtljagu nakon vremena odjave, mo\u017eete je ostaviti u ku\u0107i i preuzeti je kasnije. POSLIJE PONO\u0106I, MOLIM ZA TI\u0160INU. PO\u0160TUJTE MIR I RED If something breaks please contact us, as well, in case anything happens [&hellip;]<\/p>\n","protected":false},"author":1,"featured_media":0,"parent":0,"menu_order":0,"comment_status":"closed","ping_status":"closed","template":"elementor_canvas","meta":{"iawp_total_views":14,"footnotes":""},"blocksy_meta":[],"_links":{"self":[{"href":"https:\/\/seaandsunapartments.com\/hr\/wp-json\/wp\/v2\/pages\/1235"}],"collection":[{"href":"https:\/\/seaandsunapartments.com\/hr\/wp-json\/wp\/v2\/pages"}],"about":[{"href":"https:\/\/seaandsunapartments.com\/hr\/wp-json\/wp\/v2\/types\/page"}],"author":[{"embeddable":true,"href":"https:\/\/seaandsunapartments.com\/hr\/wp-json\/wp\/v2\/users\/1"}],"replies":[{"embeddable":true,"href":"https:\/\/seaandsunapartments.com\/hr\/wp-json\/wp\/v2\/comments?post=1235"}],"version-history":[{"count":4,"href":"https:\/\/seaandsunapartments.com\/hr\/wp-json\/wp\/v2\/pages\/1235\/revisions"}],"predecessor-version":[{"id":1295,"href":"https:\/\/seaandsunapartments.com\/hr\/wp-json\/wp\/v2\/pages\/1235\/revisions\/1295"}],"wp:attachment":[{"href":"https:\/\/seaandsunapartments.com\/hr\/wp-json\/wp\/v2\/media?parent=1235"}],"curies":[{"name":"wp","href":"https:\/\/api.w.org\/{rel}","templated":true}]}}