{"id":1227,"date":"2024-05-30T23:41:37","date_gmt":"2024-05-30T23:41:37","guid":{"rendered":"https:\/\/seaandsunapartments.com\/otkrijte-hvar\/"},"modified":"2024-06-05T18:34:06","modified_gmt":"2024-06-05T18:34:06","slug":"otkrijte-hvar","status":"publish","type":"page","link":"https:\/\/seaandsunapartments.com\/hr\/otkrijte-hvar\/","title":{"rendered":"Otkrijte Hvar"},"content":{"rendered":"\t\t<div data-elementor-type=\"wp-page\" data-elementor-id=\"1227\" class=\"elementor elementor-1227\" data-elementor-post-type=\"page\">\n\t\t\t\t<div class=\"elementor-element elementor-element-f7f0b29 e-flex e-con-boxed e-con e-parent\" data-id=\"f7f0b29\" data-element_type=\"container\">\n\t\t\t\t\t<div class=\"e-con-inner\">\n\t\t\t\t<div class=\"elementor-element elementor-element-572ab16 elementor-nav-menu--dropdown-tablet elementor-nav-menu__text-align-aside elementor-nav-menu--toggle elementor-nav-menu--burger elementor-widget elementor-widget-nav-menu\" data-id=\"572ab16\" data-element_type=\"widget\" data-settings=\"{&quot;layout&quot;:&quot;horizontal&quot;,&quot;submenu_icon&quot;:{&quot;value&quot;:&quot;&lt;svg class=\\&quot;e-font-icon-svg e-fas-caret-down\\&quot; viewBox=\\&quot;0 0 320 512\\&quot; xmlns=\\&quot;http:\\\/\\\/www.w3.org\\\/2000\\\/svg\\&quot;&gt;&lt;path d=\\&quot;M31.3 192h257.3c17.8 0 26.7 21.5 14.1 34.1L174.1 354.8c-7.8 7.8-20.5 7.8-28.3 0L17.2 226.1C4.6 213.5 13.5 192 31.3 192z\\&quot;&gt;&lt;\\\/path&gt;&lt;\\\/svg&gt;&quot;,&quot;library&quot;:&quot;fa-solid&quot;},&quot;toggle&quot;:&quot;burger&quot;}\" data-widget_type=\"nav-menu.default\">\n\t\t\t\t<div class=\"elementor-widget-container\">\n\t\t\t\t\t\t\t\t<nav aria-label=\"Menu\" class=\"elementor-nav-menu--main elementor-nav-menu__container elementor-nav-menu--layout-horizontal e--pointer-underline e--animation-fade\">\n\t\t\t\t<ul id=\"menu-1-572ab16\" class=\"elementor-nav-menu\"><li class=\"menu-item wpml-ls-slot-6 wpml-ls-item wpml-ls-item-hr wpml-ls-current-language wpml-ls-menu-item wpml-ls-first-item menu-item-type-wpml_ls_menu_item menu-item-object-wpml_ls_menu_item menu-item-wpml-ls-6-hr\"><a title=\"Switch to \" href=\"https:\/\/seaandsunapartments.com\/hr\/\" class=\"elementor-item\"><img decoding=\"async\"\n            class=\"wpml-ls-flag\"\n            src=\"https:\/\/seaandsunapartments.com\/wp-content\/plugins\/sitepress-multilingual-cms\/res\/flags\/hr.svg\"\n            alt=\"Hrvatski\"\n            \n            \n    \/><\/a><\/li>\n<li class=\"menu-item wpml-ls-slot-6 wpml-ls-item wpml-ls-item-en wpml-ls-menu-item wpml-ls-last-item menu-item-type-wpml_ls_menu_item menu-item-object-wpml_ls_menu_item menu-item-wpml-ls-6-en\"><a title=\"Switch to \" href=\"https:\/\/seaandsunapartments.com\/\" class=\"elementor-item\"><img decoding=\"async\"\n            class=\"wpml-ls-flag\"\n            src=\"https:\/\/seaandsunapartments.com\/wp-content\/plugins\/sitepress-multilingual-cms\/res\/flags\/en.svg\"\n            alt=\"Engleski\"\n            \n            \n    \/><\/a><\/li>\n<li class=\"menu-item menu-item-type-post_type menu-item-object-page menu-item-home menu-item-612\"><a href=\"https:\/\/seaandsunapartments.com\/elementor-529\/\" class=\"elementor-item\">Po\u010detna<\/a><\/li>\n<li class=\"menu-item menu-item-type-post_type menu-item-object-page menu-item-744\"><a href=\"https:\/\/seaandsunapartments.com\/elementor-736\/\" class=\"elementor-item\">Ku\u0107na pravila<\/a><\/li>\n<li class=\"menu-item menu-item-type-post_type menu-item-object-page menu-item-595\"><a href=\"https:\/\/seaandsunapartments.com\/elementor-556\/\" class=\"elementor-item\">Usluge<\/a><\/li>\n<li class=\"menu-item menu-item-type-post_type menu-item-object-page menu-item-596\"><a href=\"https:\/\/seaandsunapartments.com\/elementor-562\/\" class=\"elementor-item\">Lokalne preporuke<\/a><\/li>\n<li class=\"menu-item menu-item-type-custom menu-item-object-custom menu-item-has-children menu-item-747\"><a href=\"https:\/\/seaandsunapartments.com\/discover-hvar\/\" class=\"elementor-item\">Discover Hvar<\/a>\n<ul class=\"sub-menu elementor-nav-menu--dropdown\">\n\t<li class=\"menu-item menu-item-type-post_type menu-item-object-page menu-item-749\"><a href=\"https:\/\/seaandsunapartments.com\/cultural-landmarks\/\" class=\"elementor-sub-item\">Kulturne znamenitosti<\/a><\/li>\n\t<li class=\"menu-item menu-item-type-post_type menu-item-object-page menu-item-750\"><a href=\"https:\/\/seaandsunapartments.com\/attractions\/\" class=\"elementor-sub-item\">Atrakcije<\/a><\/li>\n\t<li class=\"menu-item menu-item-type-post_type menu-item-object-page menu-item-751\"><a href=\"https:\/\/seaandsunapartments.com\/beaches\/\" class=\"elementor-sub-item\">Pla\u017ee<\/a><\/li>\n<\/ul>\n<\/li>\n<\/ul>\t\t\t<\/nav>\n\t\t\t\t\t<div class=\"elementor-menu-toggle\" role=\"button\" tabindex=\"0\" aria-label=\"Menu Toggle\" aria-expanded=\"false\">\n\t\t\t<svg aria-hidden=\"true\" role=\"presentation\" class=\"elementor-menu-toggle__icon--open e-font-icon-svg e-eicon-menu-bar\" viewBox=\"0 0 1000 1000\" xmlns=\"http:\/\/www.w3.org\/2000\/svg\"><path d=\"M104 333H896C929 333 958 304 958 271S929 208 896 208H104C71 208 42 237 42 271S71 333 104 333ZM104 583H896C929 583 958 554 958 521S929 458 896 458H104C71 458 42 487 42 521S71 583 104 583ZM104 833H896C929 833 958 804 958 771S929 708 896 708H104C71 708 42 737 42 771S71 833 104 833Z\"><\/path><\/svg><svg aria-hidden=\"true\" role=\"presentation\" class=\"elementor-menu-toggle__icon--close e-font-icon-svg e-eicon-close\" viewBox=\"0 0 1000 1000\" xmlns=\"http:\/\/www.w3.org\/2000\/svg\"><path d=\"M742 167L500 408 258 167C246 154 233 150 217 150 196 150 179 158 167 167 154 179 150 196 150 212 150 229 154 242 171 254L408 500 167 742C138 771 138 800 167 829 196 858 225 858 254 829L496 587 738 829C750 842 767 846 783 846 800 846 817 842 829 829 842 817 846 804 846 783 846 767 842 750 829 737L588 500 833 258C863 229 863 200 833 171 804 137 775 137 742 167Z\"><\/path><\/svg>\t\t<\/div>\n\t\t\t\t\t<nav class=\"elementor-nav-menu--dropdown elementor-nav-menu__container\" aria-hidden=\"true\">\n\t\t\t\t<ul id=\"menu-2-572ab16\" class=\"elementor-nav-menu\"><li class=\"menu-item wpml-ls-slot-6 wpml-ls-item wpml-ls-item-hr wpml-ls-current-language wpml-ls-menu-item wpml-ls-first-item menu-item-type-wpml_ls_menu_item menu-item-object-wpml_ls_menu_item menu-item-wpml-ls-6-hr\"><a title=\"Switch to \" href=\"https:\/\/seaandsunapartments.com\/hr\/\" class=\"elementor-item\" tabindex=\"-1\"><img decoding=\"async\"\n            class=\"wpml-ls-flag\"\n            src=\"https:\/\/seaandsunapartments.com\/wp-content\/plugins\/sitepress-multilingual-cms\/res\/flags\/hr.svg\"\n            alt=\"Hrvatski\"\n            \n            \n    \/><\/a><\/li>\n<li class=\"menu-item wpml-ls-slot-6 wpml-ls-item wpml-ls-item-en wpml-ls-menu-item wpml-ls-last-item menu-item-type-wpml_ls_menu_item menu-item-object-wpml_ls_menu_item menu-item-wpml-ls-6-en\"><a title=\"Switch to \" href=\"https:\/\/seaandsunapartments.com\/\" class=\"elementor-item\" tabindex=\"-1\"><img decoding=\"async\"\n            class=\"wpml-ls-flag\"\n            src=\"https:\/\/seaandsunapartments.com\/wp-content\/plugins\/sitepress-multilingual-cms\/res\/flags\/en.svg\"\n            alt=\"Engleski\"\n            \n            \n    \/><\/a><\/li>\n<li class=\"menu-item menu-item-type-post_type menu-item-object-page menu-item-home menu-item-612\"><a href=\"https:\/\/seaandsunapartments.com\/elementor-529\/\" class=\"elementor-item\" tabindex=\"-1\">Po\u010detna<\/a><\/li>\n<li class=\"menu-item menu-item-type-post_type menu-item-object-page menu-item-744\"><a href=\"https:\/\/seaandsunapartments.com\/elementor-736\/\" class=\"elementor-item\" tabindex=\"-1\">Ku\u0107na pravila<\/a><\/li>\n<li class=\"menu-item menu-item-type-post_type menu-item-object-page menu-item-595\"><a href=\"https:\/\/seaandsunapartments.com\/elementor-556\/\" class=\"elementor-item\" tabindex=\"-1\">Usluge<\/a><\/li>\n<li class=\"menu-item menu-item-type-post_type menu-item-object-page menu-item-596\"><a href=\"https:\/\/seaandsunapartments.com\/elementor-562\/\" class=\"elementor-item\" tabindex=\"-1\">Lokalne preporuke<\/a><\/li>\n<li class=\"menu-item menu-item-type-custom menu-item-object-custom menu-item-has-children menu-item-747\"><a href=\"https:\/\/seaandsunapartments.com\/discover-hvar\/\" class=\"elementor-item\" tabindex=\"-1\">Discover Hvar<\/a>\n<ul class=\"sub-menu elementor-nav-menu--dropdown\">\n\t<li class=\"menu-item menu-item-type-post_type menu-item-object-page menu-item-749\"><a href=\"https:\/\/seaandsunapartments.com\/cultural-landmarks\/\" class=\"elementor-sub-item\" tabindex=\"-1\">Kulturne znamenitosti<\/a><\/li>\n\t<li class=\"menu-item menu-item-type-post_type menu-item-object-page menu-item-750\"><a href=\"https:\/\/seaandsunapartments.com\/attractions\/\" class=\"elementor-sub-item\" tabindex=\"-1\">Atrakcije<\/a><\/li>\n\t<li class=\"menu-item menu-item-type-post_type menu-item-object-page menu-item-751\"><a href=\"https:\/\/seaandsunapartments.com\/beaches\/\" class=\"elementor-sub-item\" tabindex=\"-1\">Pla\u017ee<\/a><\/li>\n<\/ul>\n<\/li>\n<\/ul>\t\t\t<\/nav>\n\t\t\t\t\t\t<\/div>\n\t\t\t\t<\/div>\n\t\t\t\t<div class=\"elementor-element elementor-element-5968de7f elementor-widget__width-initial elementor-widget elementor-widget-heading\" data-id=\"5968de7f\" data-element_type=\"widget\" data-widget_type=\"heading.default\">\n\t\t\t\t<div class=\"elementor-widget-container\">\n\t\t\t\t\t<h1 class=\"elementor-heading-title elementor-size-default\">OTKRIJTE <br><b>HVAR<\/b><\/h1>\t\t\t\t<\/div>\n\t\t\t\t<\/div>\n\t\t\t\t\t<\/div>\n\t\t\t\t<\/div>\n\t\t<div class=\"elementor-element elementor-element-3ce4fb8b e-con-full e-flex e-con e-parent\" data-id=\"3ce4fb8b\" data-element_type=\"container\">\n\t\t<div class=\"elementor-element elementor-element-cdeb0b3 e-con-full e-flex e-con e-child\" data-id=\"cdeb0b3\" data-element_type=\"container\">\n\t\t\t\t<div class=\"elementor-element elementor-element-69c5871 elementor-position-top elementor-widget elementor-widget-image-box\" data-id=\"69c5871\" data-element_type=\"widget\" data-widget_type=\"image-box.default\">\n\t\t\t\t<div class=\"elementor-widget-container\">\n\t\t\t\t\t<div class=\"elementor-image-box-wrapper\"><figure class=\"elementor-image-box-img\"><a href=\"https:\/\/seaandsunapartments.com\/attractions\/\" tabindex=\"-1\"><img fetchpriority=\"high\" decoding=\"async\" width=\"1200\" height=\"800\" src=\"https:\/\/seaandsunapartments.com\/wp-content\/uploads\/2024\/05\/hvar-paklinski-otoci-1200x800.jpg.webp\" class=\"attachment-full size-full wp-image-659\" alt=\"\" srcset=\"https:\/\/seaandsunapartments.com\/wp-content\/uploads\/2024\/05\/hvar-paklinski-otoci-1200x800.jpg.webp 1200w, https:\/\/seaandsunapartments.com\/wp-content\/uploads\/2024\/05\/hvar-paklinski-otoci-1200x800.jpg-300x200.webp 300w, https:\/\/seaandsunapartments.com\/wp-content\/uploads\/2024\/05\/hvar-paklinski-otoci-1200x800.jpg-1024x683.webp 1024w, https:\/\/seaandsunapartments.com\/wp-content\/uploads\/2024\/05\/hvar-paklinski-otoci-1200x800.jpg-768x512.webp 768w\" sizes=\"(max-width: 1200px) 100vw, 1200px\" \/><\/a><\/figure><div class=\"elementor-image-box-content\"><h3 class=\"elementor-image-box-title\"><a href=\"https:\/\/seaandsunapartments.com\/attractions\/\">atrakcije<\/a><\/h3><p class=\"elementor-image-box-description\">Okru\u017een zadivljuju\u0107im bre\u017euljcima s vinogradima, kamenim zidovima i suncem okupanim pla\u017eama, Hvar je golemi otok koji je dinami\u010dan i nesli\u010dan bilo kojem drugom mjestu na svijetu. Prirodna ljepota okolice, koja nudi obilje kulturnih i rekreacijskih mogu\u0107nosti du\u017e 270 kilometara obale, doprinosi privla\u010dnosti grada uz njegovu prepoznatljivu, karizmati\u010dnu kvalitetu koju poti\u010du slavne osobe.\n<\/p><\/div><\/div>\t\t\t\t<\/div>\n\t\t\t\t<\/div>\n\t\t\t\t<div class=\"elementor-element elementor-element-2cc5bb2 elementor-position-top elementor-widget elementor-widget-image-box\" data-id=\"2cc5bb2\" data-element_type=\"widget\" data-widget_type=\"image-box.default\">\n\t\t\t\t<div class=\"elementor-widget-container\">\n\t\t\t\t\t<div class=\"elementor-image-box-wrapper\"><figure class=\"elementor-image-box-img\"><a href=\"https:\/\/seaandsunapartments.com\/hr\/?page_id=1228\" tabindex=\"-1\"><img decoding=\"async\" width=\"1200\" height=\"674\" src=\"https:\/\/seaandsunapartments.com\/wp-content\/uploads\/2024\/05\/Plaza-hotel-Amfora-2-1200x674.jpg.webp\" class=\"attachment-full size-full wp-image-661\" alt=\"\" srcset=\"https:\/\/seaandsunapartments.com\/wp-content\/uploads\/2024\/05\/Plaza-hotel-Amfora-2-1200x674.jpg.webp 1200w, https:\/\/seaandsunapartments.com\/wp-content\/uploads\/2024\/05\/Plaza-hotel-Amfora-2-1200x674.jpg-300x169.webp 300w, https:\/\/seaandsunapartments.com\/wp-content\/uploads\/2024\/05\/Plaza-hotel-Amfora-2-1200x674.jpg-1024x575.webp 1024w, https:\/\/seaandsunapartments.com\/wp-content\/uploads\/2024\/05\/Plaza-hotel-Amfora-2-1200x674.jpg-768x431.webp 768w\" sizes=\"(max-width: 1200px) 100vw, 1200px\" \/><\/a><\/figure><div class=\"elementor-image-box-content\"><h3 class=\"elementor-image-box-title\"><a href=\"https:\/\/seaandsunapartments.com\/hr\/?page_id=1228\">Pla\u017ee<\/a><\/h3><p class=\"elementor-image-box-description\">Ve\u0107ina turista bi vam rekla da je kvalitetno provo\u0111enje vremena na pla\u017ei ono \u0161to \u017eele od svog odmora. Hvar nije iznimka u statusu Dalmacije kao uto\u010di\u0161ta pla\u017ea. Mnogi smatraju da je provo\u0111enje tromih dana na pla\u017ei neophodno \u010di\u0161\u0107enje zbog neprestane sun\u010deve svjetlosti, besprijekorne vode i krajolika koji oduzima dah. Logi\u010dno je da se hvarske pla\u017ee \u010desto nalaze na listama najve\u0107ih u Europi! Postoji opcija za pla\u017eu za svakoga, od Jerolima i beach klubova kao \u0161to su Beach Club Hvar, Hula Hula i Carpe Diem Beach, do obiteljskih pla\u017ea i neotkrivenih uvala Paklenih otoka. Ima i pje\u0161\u010danih pla\u017ea, no ve\u0107ina ih je kamenih ili \u0161ljun\u010danih. Ako \u017eelite osamu, tu je lijepa pla\u017ea Lu\u010di\u0161\u0107e u blizini Svete Nedjelje.<\/p><\/div><\/div>\t\t\t\t<\/div>\n\t\t\t\t<\/div>\n\t\t\t\t<\/div>\n\t\t\t\t<div class=\"elementor-element elementor-element-00364b9 elementor-position-top elementor-widget elementor-widget-image-box\" data-id=\"00364b9\" data-element_type=\"widget\" data-widget_type=\"image-box.default\">\n\t\t\t\t<div class=\"elementor-widget-container\">\n\t\t\t\t\t<div class=\"elementor-image-box-wrapper\"><figure class=\"elementor-image-box-img\"><a href=\"https:\/\/seaandsunapartments.com\/hr\/?page_id=1225\" tabindex=\"-1\"><img decoding=\"async\" width=\"1200\" height=\"800\" src=\"https:\/\/seaandsunapartments.com\/wp-content\/uploads\/2024\/05\/Hvar-st-stephen-square-1200x800.jpg.webp\" class=\"attachment-full size-full wp-image-660\" alt=\"\" srcset=\"https:\/\/seaandsunapartments.com\/wp-content\/uploads\/2024\/05\/Hvar-st-stephen-square-1200x800.jpg.webp 1200w, https:\/\/seaandsunapartments.com\/wp-content\/uploads\/2024\/05\/Hvar-st-stephen-square-1200x800.jpg-300x200.webp 300w, https:\/\/seaandsunapartments.com\/wp-content\/uploads\/2024\/05\/Hvar-st-stephen-square-1200x800.jpg-1024x683.webp 1024w, https:\/\/seaandsunapartments.com\/wp-content\/uploads\/2024\/05\/Hvar-st-stephen-square-1200x800.jpg-768x512.webp 768w\" sizes=\"(max-width: 1200px) 100vw, 1200px\" \/><\/a><\/figure><div class=\"elementor-image-box-content\"><h3 class=\"elementor-image-box-title\"><a href=\"https:\/\/seaandsunapartments.com\/hr\/?page_id=1225\">Kulturne znamenitosti<\/a><\/h3><p class=\"elementor-image-box-description\">Jo\u0161 od doba rasko\u0161nih rimskih vila izniklih iz zidova renesansnih ljetnikovaca na otoku vlada pravi hedonizam. \u010cak i sada, uz sve te\u0161ko\u0107e oto\u010dnog \u017eivljenja, nestaje u ma\u0161tarijama suvremenih nomada koji u\u017eivaju u rasko\u0161i Hvara, gdje je organizirani europski turizam krenuo prije gotovo 155 godina.<\/p><\/div><\/div>\t\t\t\t<\/div>\n\t\t\t\t<\/div>\n\t\t\t\t<\/div>\n\t\t<div class=\"elementor-element elementor-element-34fd069 e-flex e-con-boxed e-con e-parent\" data-id=\"34fd069\" data-element_type=\"container\">\n\t\t\t\t\t<div class=\"e-con-inner\">\n\t\t\t\t<div class=\"elementor-element elementor-element-02dfca0 elementor-widget elementor-widget-image\" data-id=\"02dfca0\" data-element_type=\"widget\" data-widget_type=\"image.default\">\n\t\t\t\t<div class=\"elementor-widget-container\">\n\t\t\t\t\t\t\t\t\t\t\t\t\t\t\t\t<a href=\"https:\/\/visithvar.hr\">\n\t\t\t\t\t\t\t<img loading=\"lazy\" decoding=\"async\" width=\"696\" height=\"144\" src=\"https:\/\/seaandsunapartments.com\/wp-content\/uploads\/2024\/05\/Screenshot-2024-05-31-at-15.28.32.png\" class=\"attachment-large size-large wp-image-727\" alt=\"\" srcset=\"https:\/\/seaandsunapartments.com\/wp-content\/uploads\/2024\/05\/Screenshot-2024-05-31-at-15.28.32.png 696w, https:\/\/seaandsunapartments.com\/wp-content\/uploads\/2024\/05\/Screenshot-2024-05-31-at-15.28.32-300x62.png 300w\" sizes=\"(max-width: 696px) 100vw, 696px\" \/>\t\t\t\t\t\t\t\t<\/a>\n\t\t\t\t\t\t\t\t\t\t\t\t\t\t\t<\/div>\n\t\t\t\t<\/div>\n\t\t\t\t\t<\/div>\n\t\t\t\t<\/div>\n\t\t<div class=\"elementor-element elementor-element-b4f5d8d e-flex e-con-boxed e-con e-parent\" data-id=\"b4f5d8d\" data-element_type=\"container\">\n\t\t\t\t\t<div class=\"e-con-inner\">\n\t\t<div class=\"elementor-element elementor-element-525f8b96 e-con-full e-flex e-con e-child\" data-id=\"525f8b96\" data-element_type=\"container\">\n\t\t<div class=\"elementor-element elementor-element-17a698f8 e-con-full e-flex elementor-invisible e-con e-child\" data-id=\"17a698f8\" data-element_type=\"container\" data-settings=\"{&quot;animation&quot;:&quot;fadeInUp&quot;}\">\n\t\t\t\t<div class=\"elementor-element elementor-element-1166b341 elementor-widget elementor-widget-heading\" data-id=\"1166b341\" data-element_type=\"widget\" data-widget_type=\"heading.default\">\n\t\t\t\t<div class=\"elementor-widget-container\">\n\t\t\t\t\t<h3 class=\"elementor-heading-title elementor-size-default\">Telefon<\/h3>\t\t\t\t<\/div>\n\t\t\t\t<\/div>\n\t\t\t\t<div class=\"elementor-element elementor-element-711ec9a6 elementor-icon-list--layout-traditional elementor-list-item-link-full_width elementor-widget elementor-widget-icon-list\" data-id=\"711ec9a6\" data-element_type=\"widget\" data-widget_type=\"icon-list.default\">\n\t\t\t\t<div class=\"elementor-widget-container\">\n\t\t\t\t\t\t\t<ul class=\"elementor-icon-list-items\">\n\t\t\t\t\t\t\t<li class=\"elementor-icon-list-item\">\n\t\t\t\t\t\t\t\t\t\t<span class=\"elementor-icon-list-text\">(385) 958910626<\/span>\n\t\t\t\t\t\t\t\t\t<\/li>\n\t\t\t\t\t\t<\/ul>\n\t\t\t\t\t\t<\/div>\n\t\t\t\t<\/div>\n\t\t\t\t<\/div>\n\t\t<div class=\"elementor-element elementor-element-1bd7edcd e-con-full e-flex elementor-invisible e-con e-child\" data-id=\"1bd7edcd\" data-element_type=\"container\" data-settings=\"{&quot;animation&quot;:&quot;fadeInUp&quot;,&quot;animation_delay&quot;:200}\">\n\t\t\t\t<div class=\"elementor-element elementor-element-1ea39658 elementor-widget elementor-widget-heading\" data-id=\"1ea39658\" data-element_type=\"widget\" data-widget_type=\"heading.default\">\n\t\t\t\t<div class=\"elementor-widget-container\">\n\t\t\t\t\t<h3 class=\"elementor-heading-title elementor-size-default\">Na\u0161a adresa<\/h3>\t\t\t\t<\/div>\n\t\t\t\t<\/div>\n\t\t\t\t<div class=\"elementor-element elementor-element-5f4520cf elementor-widget elementor-widget-text-editor\" data-id=\"5f4520cf\" data-element_type=\"widget\" data-widget_type=\"text-editor.default\">\n\t\t\t\t<div class=\"elementor-widget-container\">\n\t\t\t\t\t\t\t\t\t<p>Lucije Rudan 41<\/p>\n<p>Hvar, 21450<\/p>\n\t\t\t\t\t\t\t\t<\/div>\n\t\t\t\t<\/div>\n\t\t\t\t<\/div>\n\t\t\t\t<\/div>\n\t\t\t\t\t<\/div>\n\t\t\t\t<\/div>\n\t\t\t\t<\/div>\n\t\t","protected":false},"excerpt":{"rendered":"<p>OTKRIJTE HVAR atrakcije Okru\u017een zadivljuju\u0107im bre\u017euljcima s vinogradima, kamenim zidovima i suncem okupanim pla\u017eama, Hvar je golemi otok koji je dinami\u010dan i nesli\u010dan bilo kojem drugom mjestu na svijetu. Prirodna ljepota okolice, koja nudi obilje kulturnih i rekreacijskih mogu\u0107nosti du\u017e 270 kilometara obale, doprinosi privla\u010dnosti grada uz njegovu prepoznatljivu, karizmati\u010dnu kvalitetu koju poti\u010du slavne osobe. [&hellip;]<\/p>\n","protected":false},"author":1,"featured_media":0,"parent":0,"menu_order":0,"comment_status":"closed","ping_status":"closed","template":"elementor_canvas","meta":{"iawp_total_views":1,"footnotes":""},"blocksy_meta":[],"_links":{"self":[{"href":"https:\/\/seaandsunapartments.com\/hr\/wp-json\/wp\/v2\/pages\/1227"}],"collection":[{"href":"https:\/\/seaandsunapartments.com\/hr\/wp-json\/wp\/v2\/pages"}],"about":[{"href":"https:\/\/seaandsunapartments.com\/hr\/wp-json\/wp\/v2\/types\/page"}],"author":[{"embeddable":true,"href":"https:\/\/seaandsunapartments.com\/hr\/wp-json\/wp\/v2\/users\/1"}],"replies":[{"embeddable":true,"href":"https:\/\/seaandsunapartments.com\/hr\/wp-json\/wp\/v2\/comments?post=1227"}],"version-history":[{"count":4,"href":"https:\/\/seaandsunapartments.com\/hr\/wp-json\/wp\/v2\/pages\/1227\/revisions"}],"predecessor-version":[{"id":1287,"href":"https:\/\/seaandsunapartments.com\/hr\/wp-json\/wp\/v2\/pages\/1227\/revisions\/1287"}],"wp:attachment":[{"href":"https:\/\/seaandsunapartments.com\/hr\/wp-json\/wp\/v2\/media?parent=1227"}],"curies":[{"name":"wp","href":"https:\/\/api.w.org\/{rel}","templated":true}]}}