{"id":1225,"date":"2024-05-31T14:07:53","date_gmt":"2024-05-31T14:07:53","guid":{"rendered":"https:\/\/seaandsunapartments.com\/kulturne-znamenitosti\/"},"modified":"2024-06-05T18:29:58","modified_gmt":"2024-06-05T18:29:58","slug":"kulturne-znamenitosti","status":"publish","type":"page","link":"https:\/\/seaandsunapartments.com\/hr\/kulturne-znamenitosti\/","title":{"rendered":"Kulturne znamenitosti"},"content":{"rendered":"\t\t<div data-elementor-type=\"wp-page\" data-elementor-id=\"1225\" class=\"elementor elementor-1225\" data-elementor-post-type=\"page\">\n\t\t\t\t<div class=\"elementor-element elementor-element-a78a682 e-flex e-con-boxed e-con e-parent\" data-id=\"a78a682\" data-element_type=\"container\">\n\t\t\t\t\t<div class=\"e-con-inner\">\n\t\t\t\t<div class=\"elementor-element elementor-element-50157cc elementor-nav-menu--dropdown-tablet elementor-nav-menu__text-align-aside elementor-nav-menu--toggle elementor-nav-menu--burger elementor-widget elementor-widget-nav-menu\" data-id=\"50157cc\" data-element_type=\"widget\" data-settings=\"{&quot;layout&quot;:&quot;horizontal&quot;,&quot;submenu_icon&quot;:{&quot;value&quot;:&quot;&lt;svg class=\\&quot;e-font-icon-svg e-fas-caret-down\\&quot; viewBox=\\&quot;0 0 320 512\\&quot; xmlns=\\&quot;http:\\\/\\\/www.w3.org\\\/2000\\\/svg\\&quot;&gt;&lt;path d=\\&quot;M31.3 192h257.3c17.8 0 26.7 21.5 14.1 34.1L174.1 354.8c-7.8 7.8-20.5 7.8-28.3 0L17.2 226.1C4.6 213.5 13.5 192 31.3 192z\\&quot;&gt;&lt;\\\/path&gt;&lt;\\\/svg&gt;&quot;,&quot;library&quot;:&quot;fa-solid&quot;},&quot;toggle&quot;:&quot;burger&quot;}\" data-widget_type=\"nav-menu.default\">\n\t\t\t\t<div class=\"elementor-widget-container\">\n\t\t\t\t\t\t\t\t<nav aria-label=\"Menu\" class=\"elementor-nav-menu--main elementor-nav-menu__container elementor-nav-menu--layout-horizontal e--pointer-underline e--animation-fade\">\n\t\t\t\t<ul id=\"menu-1-50157cc\" class=\"elementor-nav-menu\"><li class=\"menu-item wpml-ls-slot-6 wpml-ls-item wpml-ls-item-hr wpml-ls-current-language wpml-ls-menu-item wpml-ls-first-item menu-item-type-wpml_ls_menu_item menu-item-object-wpml_ls_menu_item menu-item-wpml-ls-6-hr\"><a title=\"Switch to \" href=\"https:\/\/seaandsunapartments.com\/hr\/\" class=\"elementor-item\"><img decoding=\"async\"\n            class=\"wpml-ls-flag\"\n            src=\"https:\/\/seaandsunapartments.com\/wp-content\/plugins\/sitepress-multilingual-cms\/res\/flags\/hr.svg\"\n            alt=\"Hrvatski\"\n            \n            \n    \/><\/a><\/li>\n<li class=\"menu-item wpml-ls-slot-6 wpml-ls-item wpml-ls-item-en wpml-ls-menu-item wpml-ls-last-item menu-item-type-wpml_ls_menu_item menu-item-object-wpml_ls_menu_item menu-item-wpml-ls-6-en\"><a title=\"Switch to \" href=\"https:\/\/seaandsunapartments.com\/\" class=\"elementor-item\"><img decoding=\"async\"\n            class=\"wpml-ls-flag\"\n            src=\"https:\/\/seaandsunapartments.com\/wp-content\/plugins\/sitepress-multilingual-cms\/res\/flags\/en.svg\"\n            alt=\"Engleski\"\n            \n            \n    \/><\/a><\/li>\n<li class=\"menu-item menu-item-type-post_type menu-item-object-page menu-item-home menu-item-612\"><a href=\"https:\/\/seaandsunapartments.com\/elementor-529\/\" class=\"elementor-item\">Po\u010detna<\/a><\/li>\n<li class=\"menu-item menu-item-type-post_type menu-item-object-page menu-item-744\"><a href=\"https:\/\/seaandsunapartments.com\/elementor-736\/\" class=\"elementor-item\">Ku\u0107na pravila<\/a><\/li>\n<li class=\"menu-item menu-item-type-post_type menu-item-object-page menu-item-595\"><a href=\"https:\/\/seaandsunapartments.com\/elementor-556\/\" class=\"elementor-item\">Usluge<\/a><\/li>\n<li class=\"menu-item menu-item-type-post_type menu-item-object-page menu-item-596\"><a href=\"https:\/\/seaandsunapartments.com\/elementor-562\/\" class=\"elementor-item\">Lokalne preporuke<\/a><\/li>\n<li class=\"menu-item menu-item-type-custom menu-item-object-custom menu-item-has-children menu-item-747\"><a href=\"https:\/\/seaandsunapartments.com\/discover-hvar\/\" class=\"elementor-item\">Discover Hvar<\/a>\n<ul class=\"sub-menu elementor-nav-menu--dropdown\">\n\t<li class=\"menu-item menu-item-type-post_type menu-item-object-page menu-item-749\"><a href=\"https:\/\/seaandsunapartments.com\/cultural-landmarks\/\" class=\"elementor-sub-item\">Kulturne znamenitosti<\/a><\/li>\n\t<li class=\"menu-item menu-item-type-post_type menu-item-object-page menu-item-750\"><a href=\"https:\/\/seaandsunapartments.com\/attractions\/\" class=\"elementor-sub-item\">Atrakcije<\/a><\/li>\n\t<li class=\"menu-item menu-item-type-post_type menu-item-object-page menu-item-751\"><a href=\"https:\/\/seaandsunapartments.com\/beaches\/\" class=\"elementor-sub-item\">Pla\u017ee<\/a><\/li>\n<\/ul>\n<\/li>\n<\/ul>\t\t\t<\/nav>\n\t\t\t\t\t<div class=\"elementor-menu-toggle\" role=\"button\" tabindex=\"0\" aria-label=\"Menu Toggle\" aria-expanded=\"false\">\n\t\t\t<svg aria-hidden=\"true\" role=\"presentation\" class=\"elementor-menu-toggle__icon--open e-font-icon-svg e-eicon-menu-bar\" viewBox=\"0 0 1000 1000\" xmlns=\"http:\/\/www.w3.org\/2000\/svg\"><path d=\"M104 333H896C929 333 958 304 958 271S929 208 896 208H104C71 208 42 237 42 271S71 333 104 333ZM104 583H896C929 583 958 554 958 521S929 458 896 458H104C71 458 42 487 42 521S71 583 104 583ZM104 833H896C929 833 958 804 958 771S929 708 896 708H104C71 708 42 737 42 771S71 833 104 833Z\"><\/path><\/svg><svg aria-hidden=\"true\" role=\"presentation\" class=\"elementor-menu-toggle__icon--close e-font-icon-svg e-eicon-close\" viewBox=\"0 0 1000 1000\" xmlns=\"http:\/\/www.w3.org\/2000\/svg\"><path d=\"M742 167L500 408 258 167C246 154 233 150 217 150 196 150 179 158 167 167 154 179 150 196 150 212 150 229 154 242 171 254L408 500 167 742C138 771 138 800 167 829 196 858 225 858 254 829L496 587 738 829C750 842 767 846 783 846 800 846 817 842 829 829 842 817 846 804 846 783 846 767 842 750 829 737L588 500 833 258C863 229 863 200 833 171 804 137 775 137 742 167Z\"><\/path><\/svg>\t\t<\/div>\n\t\t\t\t\t<nav class=\"elementor-nav-menu--dropdown elementor-nav-menu__container\" aria-hidden=\"true\">\n\t\t\t\t<ul id=\"menu-2-50157cc\" class=\"elementor-nav-menu\"><li class=\"menu-item wpml-ls-slot-6 wpml-ls-item wpml-ls-item-hr wpml-ls-current-language wpml-ls-menu-item wpml-ls-first-item menu-item-type-wpml_ls_menu_item menu-item-object-wpml_ls_menu_item menu-item-wpml-ls-6-hr\"><a title=\"Switch to \" href=\"https:\/\/seaandsunapartments.com\/hr\/\" class=\"elementor-item\" tabindex=\"-1\"><img decoding=\"async\"\n            class=\"wpml-ls-flag\"\n            src=\"https:\/\/seaandsunapartments.com\/wp-content\/plugins\/sitepress-multilingual-cms\/res\/flags\/hr.svg\"\n            alt=\"Hrvatski\"\n            \n            \n    \/><\/a><\/li>\n<li class=\"menu-item wpml-ls-slot-6 wpml-ls-item wpml-ls-item-en wpml-ls-menu-item wpml-ls-last-item menu-item-type-wpml_ls_menu_item menu-item-object-wpml_ls_menu_item menu-item-wpml-ls-6-en\"><a title=\"Switch to \" href=\"https:\/\/seaandsunapartments.com\/\" class=\"elementor-item\" tabindex=\"-1\"><img decoding=\"async\"\n            class=\"wpml-ls-flag\"\n            src=\"https:\/\/seaandsunapartments.com\/wp-content\/plugins\/sitepress-multilingual-cms\/res\/flags\/en.svg\"\n            alt=\"Engleski\"\n            \n            \n    \/><\/a><\/li>\n<li class=\"menu-item menu-item-type-post_type menu-item-object-page menu-item-home menu-item-612\"><a href=\"https:\/\/seaandsunapartments.com\/elementor-529\/\" class=\"elementor-item\" tabindex=\"-1\">Po\u010detna<\/a><\/li>\n<li class=\"menu-item menu-item-type-post_type menu-item-object-page menu-item-744\"><a href=\"https:\/\/seaandsunapartments.com\/elementor-736\/\" class=\"elementor-item\" tabindex=\"-1\">Ku\u0107na pravila<\/a><\/li>\n<li class=\"menu-item menu-item-type-post_type menu-item-object-page menu-item-595\"><a href=\"https:\/\/seaandsunapartments.com\/elementor-556\/\" class=\"elementor-item\" tabindex=\"-1\">Usluge<\/a><\/li>\n<li class=\"menu-item menu-item-type-post_type menu-item-object-page menu-item-596\"><a href=\"https:\/\/seaandsunapartments.com\/elementor-562\/\" class=\"elementor-item\" tabindex=\"-1\">Lokalne preporuke<\/a><\/li>\n<li class=\"menu-item menu-item-type-custom menu-item-object-custom menu-item-has-children menu-item-747\"><a href=\"https:\/\/seaandsunapartments.com\/discover-hvar\/\" class=\"elementor-item\" tabindex=\"-1\">Discover Hvar<\/a>\n<ul class=\"sub-menu elementor-nav-menu--dropdown\">\n\t<li class=\"menu-item menu-item-type-post_type menu-item-object-page menu-item-749\"><a href=\"https:\/\/seaandsunapartments.com\/cultural-landmarks\/\" class=\"elementor-sub-item\" tabindex=\"-1\">Kulturne znamenitosti<\/a><\/li>\n\t<li class=\"menu-item menu-item-type-post_type menu-item-object-page menu-item-750\"><a href=\"https:\/\/seaandsunapartments.com\/attractions\/\" class=\"elementor-sub-item\" tabindex=\"-1\">Atrakcije<\/a><\/li>\n\t<li class=\"menu-item menu-item-type-post_type menu-item-object-page menu-item-751\"><a href=\"https:\/\/seaandsunapartments.com\/beaches\/\" class=\"elementor-sub-item\" tabindex=\"-1\">Pla\u017ee<\/a><\/li>\n<\/ul>\n<\/li>\n<\/ul>\t\t\t<\/nav>\n\t\t\t\t\t\t<\/div>\n\t\t\t\t<\/div>\n\t\t\t\t<div class=\"elementor-element elementor-element-74db6701 elementor-widget__width-initial elementor-widget elementor-widget-heading\" data-id=\"74db6701\" data-element_type=\"widget\" data-widget_type=\"heading.default\">\n\t\t\t\t<div class=\"elementor-widget-container\">\n\t\t\t\t\t<h1 class=\"elementor-heading-title elementor-size-default\">KULTURNE<br><b>ZNAMENITOSTI<\/b><\/h1>\t\t\t\t<\/div>\n\t\t\t\t<\/div>\n\t\t\t\t\t<\/div>\n\t\t\t\t<\/div>\n\t\t<div class=\"elementor-element elementor-element-71291cd e-flex e-con-boxed e-con e-parent\" data-id=\"71291cd\" data-element_type=\"container\">\n\t\t\t\t\t<div class=\"e-con-inner\">\n\t\t\t\t<div class=\"elementor-element elementor-element-aa5f7ea elementor-position-top elementor-widget elementor-widget-image-box\" data-id=\"aa5f7ea\" data-element_type=\"widget\" data-widget_type=\"image-box.default\">\n\t\t\t\t<div class=\"elementor-widget-container\">\n\t\t\t\t\t<div class=\"elementor-image-box-wrapper\"><figure class=\"elementor-image-box-img\"><img fetchpriority=\"high\" decoding=\"async\" width=\"1067\" height=\"1600\" src=\"https:\/\/seaandsunapartments.com\/wp-content\/uploads\/2024\/05\/st-stephen.jpeg\" class=\"attachment-full size-full wp-image-679\" alt=\"\" srcset=\"https:\/\/seaandsunapartments.com\/wp-content\/uploads\/2024\/05\/st-stephen.jpeg 1067w, https:\/\/seaandsunapartments.com\/wp-content\/uploads\/2024\/05\/st-stephen-200x300.jpeg 200w, https:\/\/seaandsunapartments.com\/wp-content\/uploads\/2024\/05\/st-stephen-683x1024.jpeg 683w, https:\/\/seaandsunapartments.com\/wp-content\/uploads\/2024\/05\/st-stephen-768x1152.jpeg 768w, https:\/\/seaandsunapartments.com\/wp-content\/uploads\/2024\/05\/st-stephen-1024x1536.jpeg 1024w\" sizes=\"(max-width: 1067px) 100vw, 1067px\" \/><\/figure><div class=\"elementor-image-box-content\"><h3 class=\"elementor-image-box-title\">Trg sv. Stjepana, 15.st.<\/h3><\/div><\/div>\t\t\t\t<\/div>\n\t\t\t\t<\/div>\n\t\t\t\t<div class=\"elementor-element elementor-element-8641410 elementor-position-top elementor-widget elementor-widget-image-box\" data-id=\"8641410\" data-element_type=\"widget\" data-widget_type=\"image-box.default\">\n\t\t\t\t<div class=\"elementor-widget-container\">\n\t\t\t\t\t<div class=\"elementor-image-box-wrapper\"><figure class=\"elementor-image-box-img\"><img decoding=\"async\" width=\"1200\" height=\"800\" src=\"https:\/\/seaandsunapartments.com\/wp-content\/uploads\/2024\/05\/Hvar-the-fortress-Fortica-1200x800.jpg.webp\" class=\"attachment-full size-full wp-image-676\" alt=\"\" srcset=\"https:\/\/seaandsunapartments.com\/wp-content\/uploads\/2024\/05\/Hvar-the-fortress-Fortica-1200x800.jpg.webp 1200w, https:\/\/seaandsunapartments.com\/wp-content\/uploads\/2024\/05\/Hvar-the-fortress-Fortica-1200x800.jpg-300x200.webp 300w, https:\/\/seaandsunapartments.com\/wp-content\/uploads\/2024\/05\/Hvar-the-fortress-Fortica-1200x800.jpg-1024x683.webp 1024w, https:\/\/seaandsunapartments.com\/wp-content\/uploads\/2024\/05\/Hvar-the-fortress-Fortica-1200x800.jpg-768x512.webp 768w\" sizes=\"(max-width: 1200px) 100vw, 1200px\" \/><\/figure><div class=\"elementor-image-box-content\"><h3 class=\"elementor-image-box-title\">Gradska utvrda\/ Fortica 16.st.<\/h3><\/div><\/div>\t\t\t\t<\/div>\n\t\t\t\t<\/div>\n\t\t\t\t<div class=\"elementor-element elementor-element-8112691 elementor-position-top elementor-widget elementor-widget-image-box\" data-id=\"8112691\" data-element_type=\"widget\" data-widget_type=\"image-box.default\">\n\t\t\t\t<div class=\"elementor-widget-container\">\n\t\t\t\t\t<div class=\"elementor-image-box-wrapper\"><figure class=\"elementor-image-box-img\"><img decoding=\"async\" width=\"1200\" height=\"800\" src=\"https:\/\/seaandsunapartments.com\/wp-content\/uploads\/2024\/05\/hvar-loggia-1200x800.jpg.webp\" class=\"attachment-full size-full wp-image-673\" alt=\"\" srcset=\"https:\/\/seaandsunapartments.com\/wp-content\/uploads\/2024\/05\/hvar-loggia-1200x800.jpg.webp 1200w, https:\/\/seaandsunapartments.com\/wp-content\/uploads\/2024\/05\/hvar-loggia-1200x800.jpg-300x200.webp 300w, https:\/\/seaandsunapartments.com\/wp-content\/uploads\/2024\/05\/hvar-loggia-1200x800.jpg-1024x683.webp 1024w, https:\/\/seaandsunapartments.com\/wp-content\/uploads\/2024\/05\/hvar-loggia-1200x800.jpg-768x512.webp 768w\" sizes=\"(max-width: 1200px) 100vw, 1200px\" \/><\/figure><div class=\"elementor-image-box-content\"><h3 class=\"elementor-image-box-title\">Gradska lo\u017ea, 15. \u2013 16. st.<\/h3><\/div><\/div>\t\t\t\t<\/div>\n\t\t\t\t<\/div>\n\t\t\t\t<div class=\"elementor-element elementor-element-5a45e9d elementor-position-top elementor-widget elementor-widget-image-box\" data-id=\"5a45e9d\" data-element_type=\"widget\" data-widget_type=\"image-box.default\">\n\t\t\t\t<div class=\"elementor-widget-container\">\n\t\t\t\t\t<div class=\"elementor-image-box-wrapper\"><figure class=\"elementor-image-box-img\"><img loading=\"lazy\" decoding=\"async\" width=\"1200\" height=\"1800\" src=\"https:\/\/seaandsunapartments.com\/wp-content\/uploads\/2024\/05\/Katedrala-1200x1800.jpg.webp\" class=\"attachment-full size-full wp-image-677\" alt=\"\" srcset=\"https:\/\/seaandsunapartments.com\/wp-content\/uploads\/2024\/05\/Katedrala-1200x1800.jpg.webp 1200w, https:\/\/seaandsunapartments.com\/wp-content\/uploads\/2024\/05\/Katedrala-1200x1800.jpg-200x300.webp 200w, https:\/\/seaandsunapartments.com\/wp-content\/uploads\/2024\/05\/Katedrala-1200x1800.jpg-683x1024.webp 683w, https:\/\/seaandsunapartments.com\/wp-content\/uploads\/2024\/05\/Katedrala-1200x1800.jpg-768x1152.webp 768w, https:\/\/seaandsunapartments.com\/wp-content\/uploads\/2024\/05\/Katedrala-1200x1800.jpg-1024x1536.webp 1024w\" sizes=\"(max-width: 1200px) 100vw, 1200px\" \/><\/figure><div class=\"elementor-image-box-content\"><h3 class=\"elementor-image-box-title\">Katedrala sv. Stjepana, papa i mu\u010denik \/ Velo crikva 15. \u2013 18. st.<\/h3><\/div><\/div>\t\t\t\t<\/div>\n\t\t\t\t<\/div>\n\t\t\t\t<div class=\"elementor-element elementor-element-14a57ce elementor-position-top elementor-widget elementor-widget-image-box\" data-id=\"14a57ce\" data-element_type=\"widget\" data-widget_type=\"image-box.default\">\n\t\t\t\t<div class=\"elementor-widget-container\">\n\t\t\t\t\t<div class=\"elementor-image-box-wrapper\"><figure class=\"elementor-image-box-img\"><img loading=\"lazy\" decoding=\"async\" width=\"1200\" height=\"800\" src=\"https:\/\/seaandsunapartments.com\/wp-content\/uploads\/2024\/05\/hvar-franciscan-monastery-1200x800.jpg.webp\" class=\"attachment-full size-full wp-image-672\" alt=\"\" srcset=\"https:\/\/seaandsunapartments.com\/wp-content\/uploads\/2024\/05\/hvar-franciscan-monastery-1200x800.jpg.webp 1200w, https:\/\/seaandsunapartments.com\/wp-content\/uploads\/2024\/05\/hvar-franciscan-monastery-1200x800.jpg-300x200.webp 300w, https:\/\/seaandsunapartments.com\/wp-content\/uploads\/2024\/05\/hvar-franciscan-monastery-1200x800.jpg-1024x683.webp 1024w, https:\/\/seaandsunapartments.com\/wp-content\/uploads\/2024\/05\/hvar-franciscan-monastery-1200x800.jpg-768x512.webp 768w\" sizes=\"(max-width: 1200px) 100vw, 1200px\" \/><\/figure><div class=\"elementor-image-box-content\"><h3 class=\"elementor-image-box-title\">Franjeva\u010dki samostan i crkva sv. Marije od Milosti, 15.-16.st.<\/h3><\/div><\/div>\t\t\t\t<\/div>\n\t\t\t\t<\/div>\n\t\t\t\t<div class=\"elementor-element elementor-element-6c96b5e elementor-position-top elementor-widget elementor-widget-image-box\" data-id=\"6c96b5e\" data-element_type=\"widget\" data-widget_type=\"image-box.default\">\n\t\t\t\t<div class=\"elementor-widget-container\">\n\t\t\t\t\t<div class=\"elementor-image-box-wrapper\"><figure class=\"elementor-image-box-img\"><img loading=\"lazy\" decoding=\"async\" width=\"1200\" height=\"800\" src=\"https:\/\/seaandsunapartments.com\/wp-content\/uploads\/2024\/05\/Arsenal-1200x800.jpg.webp\" class=\"attachment-full size-full wp-image-671\" alt=\"\" srcset=\"https:\/\/seaandsunapartments.com\/wp-content\/uploads\/2024\/05\/Arsenal-1200x800.jpg.webp 1200w, https:\/\/seaandsunapartments.com\/wp-content\/uploads\/2024\/05\/Arsenal-1200x800.jpg-300x200.webp 300w, https:\/\/seaandsunapartments.com\/wp-content\/uploads\/2024\/05\/Arsenal-1200x800.jpg-1024x683.webp 1024w, https:\/\/seaandsunapartments.com\/wp-content\/uploads\/2024\/05\/Arsenal-1200x800.jpg-768x512.webp 768w\" sizes=\"(max-width: 1200px) 100vw, 1200px\" \/><\/figure><div class=\"elementor-image-box-content\"><h3 class=\"elementor-image-box-title\">Arsenal i povijesno kazali\u0161te, 14.-17.st.<\/h3><\/div><\/div>\t\t\t\t<\/div>\n\t\t\t\t<\/div>\n\t\t\t\t\t<\/div>\n\t\t\t\t<\/div>\n\t\t<div class=\"elementor-element elementor-element-1e5a512c e-con-full e-flex e-con e-parent\" data-id=\"1e5a512c\" data-element_type=\"container\">\n\t\t<div class=\"elementor-element elementor-element-54157617 e-con-full e-flex e-con e-child\" data-id=\"54157617\" data-element_type=\"container\">\n\t\t<div class=\"elementor-element elementor-element-6978fd1a e-con-full e-flex e-con e-child\" data-id=\"6978fd1a\" data-element_type=\"container\">\n\t\t<div class=\"elementor-element elementor-element-5b928a69 e-con-full e-flex elementor-invisible e-con e-child\" data-id=\"5b928a69\" data-element_type=\"container\" data-settings=\"{&quot;animation&quot;:&quot;fadeInUp&quot;}\">\n\t\t\t\t<div class=\"elementor-element elementor-element-18e2fc13 elementor-widget elementor-widget-heading\" data-id=\"18e2fc13\" data-element_type=\"widget\" data-widget_type=\"heading.default\">\n\t\t\t\t<div class=\"elementor-widget-container\">\n\t\t\t\t\t<h3 class=\"elementor-heading-title elementor-size-default\">Telefon<\/h3>\t\t\t\t<\/div>\n\t\t\t\t<\/div>\n\t\t\t\t<div class=\"elementor-element elementor-element-2c7d898e elementor-icon-list--layout-traditional elementor-list-item-link-full_width elementor-widget elementor-widget-icon-list\" data-id=\"2c7d898e\" data-element_type=\"widget\" data-widget_type=\"icon-list.default\">\n\t\t\t\t<div class=\"elementor-widget-container\">\n\t\t\t\t\t\t\t<ul class=\"elementor-icon-list-items\">\n\t\t\t\t\t\t\t<li class=\"elementor-icon-list-item\">\n\t\t\t\t\t\t\t\t\t\t<span class=\"elementor-icon-list-text\">(+385) 958910626<\/span>\n\t\t\t\t\t\t\t\t\t<\/li>\n\t\t\t\t\t\t<\/ul>\n\t\t\t\t\t\t<\/div>\n\t\t\t\t<\/div>\n\t\t\t\t<\/div>\n\t\t<div class=\"elementor-element elementor-element-6bbdfff8 e-con-full e-flex elementor-invisible e-con e-child\" data-id=\"6bbdfff8\" data-element_type=\"container\" data-settings=\"{&quot;animation&quot;:&quot;fadeInUp&quot;,&quot;animation_delay&quot;:200}\">\n\t\t\t\t<div class=\"elementor-element elementor-element-6349b484 elementor-widget elementor-widget-heading\" data-id=\"6349b484\" data-element_type=\"widget\" data-widget_type=\"heading.default\">\n\t\t\t\t<div class=\"elementor-widget-container\">\n\t\t\t\t\t<h3 class=\"elementor-heading-title elementor-size-default\">Na\u0161a adresa<\/h3>\t\t\t\t<\/div>\n\t\t\t\t<\/div>\n\t\t\t\t<div class=\"elementor-element elementor-element-6ed013dd elementor-widget elementor-widget-text-editor\" data-id=\"6ed013dd\" data-element_type=\"widget\" data-widget_type=\"text-editor.default\">\n\t\t\t\t<div class=\"elementor-widget-container\">\n\t\t\t\t\t\t\t\t\t<p>Lucije Rudan 41,<\/p>\n<p>Hvar, 21450<\/p>\n\t\t\t\t\t\t\t\t<\/div>\n\t\t\t\t<\/div>\n\t\t\t\t<\/div>\n\t\t\t\t<\/div>\n\t\t\t\t<\/div>\n\t\t\t\t<\/div>\n\t\t\t\t<\/div>\n\t\t","protected":false},"excerpt":{"rendered":"<p>KULTURNEZNAMENITOSTI Trg sv. Stjepana, 15.st. Gradska utvrda\/ Fortica 16.st. Gradska lo\u017ea, 15. \u2013 16. st. Katedrala sv. Stjepana, papa i mu\u010denik \/ Velo crikva 15. \u2013 18. st. Franjeva\u010dki samostan i crkva sv. Marije od Milosti, 15.-16.st. Arsenal i povijesno kazali\u0161te, 14.-17.st. Telefon (+385) 958910626 Na\u0161a adresa Lucije Rudan 41, Hvar, 21450<\/p>\n","protected":false},"author":1,"featured_media":0,"parent":0,"menu_order":0,"comment_status":"closed","ping_status":"closed","template":"elementor_canvas","meta":{"iawp_total_views":9,"footnotes":""},"blocksy_meta":[],"_links":{"self":[{"href":"https:\/\/seaandsunapartments.com\/hr\/wp-json\/wp\/v2\/pages\/1225"}],"collection":[{"href":"https:\/\/seaandsunapartments.com\/hr\/wp-json\/wp\/v2\/pages"}],"about":[{"href":"https:\/\/seaandsunapartments.com\/hr\/wp-json\/wp\/v2\/types\/page"}],"author":[{"embeddable":true,"href":"https:\/\/seaandsunapartments.com\/hr\/wp-json\/wp\/v2\/users\/1"}],"replies":[{"embeddable":true,"href":"https:\/\/seaandsunapartments.com\/hr\/wp-json\/wp\/v2\/comments?post=1225"}],"version-history":[{"count":4,"href":"https:\/\/seaandsunapartments.com\/hr\/wp-json\/wp\/v2\/pages\/1225\/revisions"}],"predecessor-version":[{"id":1285,"href":"https:\/\/seaandsunapartments.com\/hr\/wp-json\/wp\/v2\/pages\/1225\/revisions\/1285"}],"wp:attachment":[{"href":"https:\/\/seaandsunapartments.com\/hr\/wp-json\/wp\/v2\/media?parent=1225"}],"curies":[{"name":"wp","href":"https:\/\/api.w.org\/{rel}","templated":true}]}}